{"id":68,"date":"2024-05-03T10:18:03","date_gmt":"2024-05-03T08:18:03","guid":{"rendered":"https:\/\/www.cde-info.com\/?page_id=68"},"modified":"2024-06-06T16:11:15","modified_gmt":"2024-06-06T14:11:15","slug":"freizeit-kultur","status":"publish","type":"page","link":"https:\/\/www.cde-info.com\/en\/freizeit-kultur\/","title":{"rendered":"Leisure &amp; Culture"},"content":{"rendered":"<div data-elementor-type=\"wp-page\" data-elementor-id=\"68\" class=\"elementor elementor-68\" data-elementor-post-type=\"page\">\n\t\t\t\t<div class=\"elementor-element elementor-element-ee3f24f e-flex e-con-boxed e-con e-parent\" data-id=\"ee3f24f\" data-element_type=\"container\" data-e-type=\"container\">\n\t\t\t\t\t<div class=\"e-con-inner\">\n\t\t\t\t<div class=\"elementor-element elementor-element-cf1f821 elementor-widget elementor-widget-heading\" data-id=\"cf1f821\" data-element_type=\"widget\" data-e-type=\"widget\" data-widget_type=\"heading.default\">\n\t\t\t\t\t<h2 class=\"elementor-heading-title elementor-size-default\"><a href=\"https:\/\/www.gauting.de\/freizeit-und-kultur\/bolzplaetze-und-sportanlagen\/\" target=\"_blank\">Soccer pitches \/ soccer fields<\/a><\/h2>\t\t\t\t<\/div>\n\t\t\t\t<div class=\"elementor-element elementor-element-e7d2954 elementor-widget elementor-widget-image\" data-id=\"e7d2954\" data-element_type=\"widget\" data-e-type=\"widget\" data-widget_type=\"image.default\">\n\t\t\t\t\t\t\t\t\t\t\t\t\t\t\t\t<a href=\"https:\/\/www.gauting.de\/freizeit-und-kultur\/bolzplaetze-und-sportanlagen\/\" target=\"_blank\">\n\t\t\t\t\t\t\t<img decoding=\"async\" src=\"https:\/\/www.cde-info.com\/wp-content\/uploads\/elementor\/thumbs\/Football-platz-qombr2wasi78jb0uggxz74f0jisgytr80lcz7npelw.jpg\" title=\"Football pitch\" alt=\"Football platz\" loading=\"lazy\" \/>\t\t\t\t\t\t\t\t<\/a>\n\t\t\t\t\t\t\t\t\t\t\t\t\t\t\t<\/div>\n\t\t\t\t\t<\/div>\n\t\t\t\t<\/div>\n\t\t<div class=\"elementor-element elementor-element-35bca20 e-flex e-con-boxed e-con e-parent\" data-id=\"35bca20\" data-element_type=\"container\" data-e-type=\"container\">\n\t\t\t\t\t<div class=\"e-con-inner\">\n\t\t\t\t<div class=\"elementor-element elementor-element-1aa0894 elementor-widget elementor-widget-heading\" data-id=\"1aa0894\" data-element_type=\"widget\" data-e-type=\"widget\" data-widget_type=\"heading.default\">\n\t\t\t\t\t<h2 class=\"elementor-heading-title elementor-size-default\"><a href=\"https:\/\/www.gauting.de\/freizeit-und-kultur\/grillplaetze\/\" target=\"_blank\">Barbecue area on the W\u00fcrm<\/a><\/h2>\t\t\t\t<\/div>\n\t\t\t\t<div class=\"elementor-element elementor-element-a2a12d1 elementor-widget elementor-widget-image\" data-id=\"a2a12d1\" data-element_type=\"widget\" data-e-type=\"widget\" data-widget_type=\"image.default\">\n\t\t\t\t\t\t\t\t\t\t\t\t\t\t\t\t<a href=\"https:\/\/www.gauting.de\/freizeit-und-kultur\/grillplaetze\/\" target=\"_blank\">\n\t\t\t\t\t\t\t<img decoding=\"async\" src=\"https:\/\/www.cde-info.com\/wp-content\/uploads\/elementor\/thumbs\/Grill-2-qombvd1txc29fcsxgbksk1ilypoo16r79sclx1cu9g.jpg\" title=\"Grill 2\" alt=\"Grill 2\" loading=\"lazy\" \/>\t\t\t\t\t\t\t\t<\/a>\n\t\t\t\t\t\t\t\t\t\t\t\t\t\t\t<\/div>\n\t\t\t\t\t<\/div>\n\t\t\t\t<\/div>\n\t\t<div class=\"elementor-element elementor-element-2f4e568 e-flex e-con-boxed e-con e-parent\" data-id=\"2f4e568\" data-element_type=\"container\" data-e-type=\"container\">\n\t\t\t\t\t<div class=\"e-con-inner\">\n\t\t\t\t<div class=\"elementor-element elementor-element-3dc28db elementor-widget elementor-widget-heading\" data-id=\"3dc28db\" data-element_type=\"widget\" data-e-type=\"widget\" data-widget_type=\"heading.default\">\n\t\t\t\t\t<h2 class=\"elementor-heading-title elementor-size-default\"><a href=\"https:\/\/www.gauting.de\/freizeit-und-kultur\/sommerbad\/\" target=\"_blank\">Gauting summer pool<\/a><\/h2>\t\t\t\t<\/div>\n\t\t\t\t<div class=\"elementor-element elementor-element-6133b8e elementor-widget elementor-widget-image\" data-id=\"6133b8e\" data-element_type=\"widget\" data-e-type=\"widget\" data-widget_type=\"image.default\">\n\t\t\t\t\t\t\t\t\t\t\t\t\t\t\t\t<a href=\"https:\/\/www.gauting.de\/freizeit-und-kultur\/sommerbad\/\" target=\"_blank\">\n\t\t\t\t\t\t\t<img decoding=\"async\" src=\"https:\/\/www.cde-info.com\/wp-content\/uploads\/elementor\/thumbs\/Schwimmenbad-2-qombxky4293mu7kvhs42xzcsggqv7gkdwrsvpk2d0a.jpg\" title=\"Schwimmenbad 2\" alt=\"Schwimmenbad 2\" loading=\"lazy\" \/>\t\t\t\t\t\t\t\t<\/a>\n\t\t\t\t\t\t\t\t\t\t\t\t\t\t\t<\/div>\n\t\t\t\t\t<\/div>\n\t\t\t\t<\/div>\n\t\t<div class=\"elementor-element elementor-element-5ea36a9 e-flex e-con-boxed e-con e-parent\" data-id=\"5ea36a9\" data-element_type=\"container\" data-e-type=\"container\">\n\t\t\t\t\t<div class=\"e-con-inner\">\n\t\t\t\t<div class=\"elementor-element elementor-element-9895395 elementor-widget elementor-widget-heading\" data-id=\"9895395\" data-element_type=\"widget\" data-e-type=\"widget\" data-widget_type=\"heading.default\">\n\t\t\t\t\t<h2 class=\"elementor-heading-title elementor-size-default\"><a href=\"https:\/\/www.breitwand.com\/home\/cm\/test-content-static\/anfahrt\/gauting.html\" target=\"_blank\">Cinema wide screen Gauting<\/a><\/h2>\t\t\t\t<\/div>\n\t\t\t\t<div class=\"elementor-element elementor-element-dc244e3 elementor-widget elementor-widget-image\" data-id=\"dc244e3\" data-element_type=\"widget\" data-e-type=\"widget\" data-widget_type=\"image.default\">\n\t\t\t\t\t\t\t\t\t\t\t\t\t\t\t\t<a href=\"https:\/\/www.breitwand.com\/home\/cm\/test-content-static\/anfahrt\/gauting.html\" target=\"_blank\">\n\t\t\t\t\t\t\t<img decoding=\"async\" src=\"https:\/\/www.cde-info.com\/wp-content\/uploads\/elementor\/thumbs\/Kino-1-qombymjnnmj3qm29e8d5ppv87vljrcpndxwawmimru.jpg\" title=\"Kino 1\" alt=\"Kino 1\" loading=\"lazy\" \/>\t\t\t\t\t\t\t\t<\/a>\n\t\t\t\t\t\t\t\t\t\t\t\t\t\t\t<\/div>\n\t\t\t\t\t<\/div>\n\t\t\t\t<\/div>\n\t\t\t\t<\/div>","protected":false},"excerpt":{"rendered":"<p>Bolzpl\u00e4tze \/ Fu\u00dfballpl\u00e4tze Grillplatz an der W\u00fcrm Sommerbad Gauting Kino Breitwand Gauting<\/p>","protected":false},"author":1,"featured_media":0,"parent":0,"menu_order":0,"comment_status":"closed","ping_status":"closed","template":"","meta":{"footnotes":""},"class_list":["post-68","page","type-page","status-publish","hentry"],"_links":{"self":[{"href":"https:\/\/www.cde-info.com\/en\/wp-json\/wp\/v2\/pages\/68","targetHints":{"allow":["GET"]}}],"collection":[{"href":"https:\/\/www.cde-info.com\/en\/wp-json\/wp\/v2\/pages"}],"about":[{"href":"https:\/\/www.cde-info.com\/en\/wp-json\/wp\/v2\/types\/page"}],"author":[{"embeddable":true,"href":"https:\/\/www.cde-info.com\/en\/wp-json\/wp\/v2\/users\/1"}],"replies":[{"embeddable":true,"href":"https:\/\/www.cde-info.com\/en\/wp-json\/wp\/v2\/comments?post=68"}],"version-history":[{"count":13,"href":"https:\/\/www.cde-info.com\/en\/wp-json\/wp\/v2\/pages\/68\/revisions"}],"predecessor-version":[{"id":1953,"href":"https:\/\/www.cde-info.com\/en\/wp-json\/wp\/v2\/pages\/68\/revisions\/1953"}],"wp:attachment":[{"href":"https:\/\/www.cde-info.com\/en\/wp-json\/wp\/v2\/media?parent=68"}],"curies":[{"name":"wp","href":"https:\/\/api.w.org\/{rel}","templated":true}]}}