{"id":90,"date":"2024-05-03T10:19:38","date_gmt":"2024-05-03T08:19:38","guid":{"rendered":"https:\/\/www.cde-info.com\/?page_id=90"},"modified":"2026-05-04T09:29:21","modified_gmt":"2026-05-04T07:29:21","slug":"uebernachtung","status":"publish","type":"page","link":"https:\/\/www.cde-info.com\/en\/uebernachtung\/","title":{"rendered":"Overnight"},"content":{"rendered":"<div data-elementor-type=\"wp-page\" data-elementor-id=\"90\" class=\"elementor elementor-90\" data-elementor-post-type=\"page\">\n\t\t\t\t<div class=\"elementor-element elementor-element-c0af9da e-flex e-con-boxed e-con e-parent\" data-id=\"c0af9da\" data-element_type=\"container\" data-e-type=\"container\">\n\t\t\t\t\t<div class=\"e-con-inner\">\n\t\t\t\t<div class=\"elementor-element elementor-element-e1b9c10 elementor-widget elementor-widget-heading\" data-id=\"e1b9c10\" data-element_type=\"widget\" data-e-type=\"widget\" data-widget_type=\"heading.default\">\n\t\t\t\t\t<h2 class=\"elementor-heading-title elementor-size-default\">Overnight<\/h2>\t\t\t\t<\/div>\n\t\t\t\t\t<\/div>\n\t\t\t\t<\/div>\n\t\t<div class=\"elementor-element elementor-element-cd9e06f elementor-hidden-tablet elementor-hidden-mobile e-flex e-con-boxed e-con e-parent\" data-id=\"cd9e06f\" data-element_type=\"container\" data-e-type=\"container\">\n\t\t\t\t\t<div class=\"e-con-inner\">\n\t\t<div class=\"elementor-element elementor-element-51d1f04 e-con-full e-flex e-con e-child\" data-id=\"51d1f04\" data-element_type=\"container\" data-e-type=\"container\" data-settings=\"{&quot;background_background&quot;:&quot;classic&quot;}\">\n\t\t\t\t<\/div>\n\t\t<div class=\"elementor-element elementor-element-0488357 e-con-full e-flex e-con e-child\" data-id=\"0488357\" data-element_type=\"container\" data-e-type=\"container\">\n\t\t<div class=\"elementor-element elementor-element-51130e8 e-flex e-con-boxed e-con e-child\" data-id=\"51130e8\" data-element_type=\"container\" data-e-type=\"container\">\n\t\t\t\t\t<div class=\"e-con-inner\">\n\t\t\t\t<div class=\"elementor-element elementor-element-fdd3a9e elementor-widget elementor-widget-heading\" data-id=\"fdd3a9e\" data-element_type=\"widget\" data-e-type=\"widget\" data-widget_type=\"heading.default\">\n\t\t\t\t\t<h2 class=\"elementor-heading-title elementor-size-default\"><a href=\"https:\/\/www.vier-jahreszeiten-starnberg.de\/\">Hotel Vier Jahreszeiten Starnberg<\/a><\/h2>\t\t\t\t<\/div>\n\t\t\t\t<div class=\"elementor-element elementor-element-4846536 elementor-widget elementor-widget-text-editor\" data-id=\"4846536\" data-element_type=\"widget\" data-e-type=\"widget\" data-widget_type=\"text-editor.default\">\n\t\t\t\t\t\t\t\t\t<p style=\"text-align: center;\"><span style=\"color: #ffd000;\">* * * *<\/span><\/p>\t\t\t\t\t\t\t\t<\/div>\n\t\t<div class=\"elementor-element elementor-element-1e84066 e-flex e-con-boxed e-con e-child\" data-id=\"1e84066\" data-element_type=\"container\" data-e-type=\"container\">\n\t\t\t\t\t<div class=\"e-con-inner\">\n\t\t\t\t<div class=\"elementor-element elementor-element-437e50c elementor-widget elementor-widget-text-editor\" data-id=\"437e50c\" data-element_type=\"widget\" data-e-type=\"widget\" data-widget_type=\"text-editor.default\">\n\t\t\t\t\t\t\t\t\t<p style=\"text-align: center;\">M\u00fcnchner Str. 17, 82319 Starnberg near Munich<br \/>+49 (0) 8151 \/ 4470-0<br \/><a href=\"mailto:info@vier-jahreszeiten-starnberg.de\">info@vier-jahreszeiten-starnberg.de<\/a><\/p>\t\t\t\t\t\t\t\t<\/div>\n\t\t\t\t\t<\/div>\n\t\t\t\t<\/div>\n\t\t\t\t\t<\/div>\n\t\t\t\t<\/div>\n\t\t<div class=\"elementor-element elementor-element-a4c8c29 e-flex e-con-boxed e-con e-child\" data-id=\"a4c8c29\" data-element_type=\"container\" data-e-type=\"container\">\n\t\t\t\t\t<div class=\"e-con-inner\">\n\t\t\t\t<div class=\"elementor-element elementor-element-75f0a6c elementor-widget elementor-widget-text-editor\" data-id=\"75f0a6c\" data-element_type=\"widget\" data-e-type=\"widget\" data-widget_type=\"text-editor.default\">\n\t\t\t\t\t\t\t\t\t<p><strong>CDE<\/strong>: by car 10 km, 15 min | by S-Bahn S6 30 min<br \/><strong>Airport<\/strong>: by car 62 km, 45 min | by S-Bahn S1&gt;S6 1 h 25 min<\/p>\t\t\t\t\t\t\t\t<\/div>\n\t\t\t\t\t<\/div>\n\t\t\t\t<\/div>\n\t\t\t\t<\/div>\n\t\t\t\t\t<\/div>\n\t\t\t\t<\/div>\n\t\t<div class=\"elementor-element elementor-element-5f31160 elementor-hidden-desktop e-flex e-con-boxed e-con e-parent\" data-id=\"5f31160\" data-element_type=\"container\" data-e-type=\"container\">\n\t\t\t\t\t<div class=\"e-con-inner\">\n\t\t<div class=\"elementor-element elementor-element-7516619 e-con-full e-flex e-con e-child\" data-id=\"7516619\" data-element_type=\"container\" data-e-type=\"container\" data-settings=\"{&quot;background_background&quot;:&quot;classic&quot;}\">\n\t\t\t\t<\/div>\n\t\t<div class=\"elementor-element elementor-element-d565d1f e-con-full e-flex e-con e-child\" data-id=\"d565d1f\" data-element_type=\"container\" data-e-type=\"container\">\n\t\t<div class=\"elementor-element elementor-element-c39508c e-flex e-con-boxed e-con e-child\" data-id=\"c39508c\" data-element_type=\"container\" data-e-type=\"container\">\n\t\t\t\t\t<div class=\"e-con-inner\">\n\t\t\t\t<div class=\"elementor-element elementor-element-7dfdf4d elementor-widget elementor-widget-heading\" data-id=\"7dfdf4d\" data-element_type=\"widget\" data-e-type=\"widget\" data-widget_type=\"heading.default\">\n\t\t\t\t\t<h2 class=\"elementor-heading-title elementor-size-default\"><a href=\"https:\/\/www.vier-jahreszeiten-starnberg.de\/\">Hotel Vier Jahreszeiten Starnberg<\/a><\/h2>\t\t\t\t<\/div>\n\t\t\t\t<div class=\"elementor-element elementor-element-37ca1d1 elementor-widget elementor-widget-text-editor\" data-id=\"37ca1d1\" data-element_type=\"widget\" data-e-type=\"widget\" data-widget_type=\"text-editor.default\">\n\t\t\t\t\t\t\t\t\t<p style=\"text-align: center;\"><span style=\"color: #ffd000;\">* * * *<\/span><\/p>\t\t\t\t\t\t\t\t<\/div>\n\t\t<div class=\"elementor-element elementor-element-dcece32 e-flex e-con-boxed e-con e-child\" data-id=\"dcece32\" data-element_type=\"container\" data-e-type=\"container\">\n\t\t\t\t\t<div class=\"e-con-inner\">\n\t\t\t\t<div class=\"elementor-element elementor-element-aea1208 elementor-widget elementor-widget-text-editor\" data-id=\"aea1208\" data-element_type=\"widget\" data-e-type=\"widget\" data-widget_type=\"text-editor.default\">\n\t\t\t\t\t\t\t\t\t<p style=\"text-align: center;\">M\u00fcnchner Str. 17, 82319 Starnberg near Munich<br \/>+49 (0) 8151 \/ 4470-0<br \/><a href=\"mailto:info@vier-jahreszeiten-starnberg.de\">info@vier-jahreszeiten-starnberg.de<\/a><\/p>\t\t\t\t\t\t\t\t<\/div>\n\t\t\t\t\t<\/div>\n\t\t\t\t<\/div>\n\t\t\t\t\t<\/div>\n\t\t\t\t<\/div>\n\t\t<div class=\"elementor-element elementor-element-253630a e-flex e-con-boxed e-con e-child\" data-id=\"253630a\" data-element_type=\"container\" data-e-type=\"container\">\n\t\t\t\t\t<div class=\"e-con-inner\">\n\t\t\t\t<div class=\"elementor-element elementor-element-1b4ccb2 elementor-widget elementor-widget-text-editor\" data-id=\"1b4ccb2\" data-element_type=\"widget\" data-e-type=\"widget\" data-widget_type=\"text-editor.default\">\n\t\t\t\t\t\t\t\t\t<p><strong>CDE<\/strong>: by car 10 km, 15 min | by S-Bahn S6 30 min<br \/><strong>Airport<\/strong>: by car 62 km, 45 min | by S-Bahn S1&gt;S6 1 h 25 min<\/p>\t\t\t\t\t\t\t\t<\/div>\n\t\t\t\t\t<\/div>\n\t\t\t\t<\/div>\n\t\t\t\t<\/div>\n\t\t\t\t\t<\/div>\n\t\t\t\t<\/div>\n\t\t<div class=\"elementor-element elementor-element-fb6acba elementor-hidden-tablet elementor-hidden-mobile e-flex e-con-boxed e-con e-parent\" data-id=\"fb6acba\" data-element_type=\"container\" data-e-type=\"container\">\n\t\t\t\t\t<div class=\"e-con-inner\">\n\t\t<div class=\"elementor-element elementor-element-fc29d32 e-con-full e-flex e-con e-child\" data-id=\"fc29d32\" data-element_type=\"container\" data-e-type=\"container\" data-settings=\"{&quot;background_background&quot;:&quot;classic&quot;}\">\n\t\t\t\t<\/div>\n\t\t<div class=\"elementor-element elementor-element-a41c8d4 e-con-full e-flex e-con e-child\" data-id=\"a41c8d4\" data-element_type=\"container\" data-e-type=\"container\">\n\t\t<div class=\"elementor-element elementor-element-96dfc59 e-flex e-con-boxed e-con e-child\" data-id=\"96dfc59\" data-element_type=\"container\" data-e-type=\"container\">\n\t\t\t\t\t<div class=\"e-con-inner\">\n\t\t\t\t<div class=\"elementor-element elementor-element-8566ef6 elementor-widget elementor-widget-heading\" data-id=\"8566ef6\" data-element_type=\"widget\" data-e-type=\"widget\" data-widget_type=\"heading.default\">\n\t\t\t\t\t<h2 class=\"elementor-heading-title elementor-size-default\"><a href=\"https:\/\/www.beyond-muc.de\/kontakt\">BEYOND by Geisel<\/a><\/h2>\t\t\t\t<\/div>\n\t\t\t\t<div class=\"elementor-element elementor-element-121bb40 elementor-widget elementor-widget-text-editor\" data-id=\"121bb40\" data-element_type=\"widget\" data-e-type=\"widget\" data-widget_type=\"text-editor.default\">\n\t\t\t\t\t\t\t\t\t<p style=\"text-align: center;\"><span style=\"color: #ffd000;\">* * * * *<\/span><\/p>\t\t\t\t\t\t\t\t<\/div>\n\t\t<div class=\"elementor-element elementor-element-82453a2 e-flex e-con-boxed e-con e-child\" data-id=\"82453a2\" data-element_type=\"container\" data-e-type=\"container\">\n\t\t\t\t\t<div class=\"e-con-inner\">\n\t\t\t\t<div class=\"elementor-element elementor-element-014f552 elementor-widget elementor-widget-text-editor\" data-id=\"014f552\" data-element_type=\"widget\" data-e-type=\"widget\" data-widget_type=\"text-editor.default\">\n\t\t\t\t\t\t\t\t\t<p style=\"text-align: center;\">Marienplatz 22 80331 M\u00fcnchen<br \/>+49 89 700 746 700<br \/><a href=\"mailto:contact@beyond-muc.de\">contact@beyond-muc.de<\/a><\/p>\t\t\t\t\t\t\t\t<\/div>\n\t\t\t\t\t<\/div>\n\t\t\t\t<\/div>\n\t\t\t\t\t<\/div>\n\t\t\t\t<\/div>\n\t\t<div class=\"elementor-element elementor-element-c9159e9 e-flex e-con-boxed e-con e-child\" data-id=\"c9159e9\" data-element_type=\"container\" data-e-type=\"container\">\n\t\t\t\t\t<div class=\"e-con-inner\">\n\t\t\t\t<div class=\"elementor-element elementor-element-5aa6d52 elementor-widget elementor-widget-text-editor\" data-id=\"5aa6d52\" data-element_type=\"widget\" data-e-type=\"widget\" data-widget_type=\"text-editor.default\">\n\t\t\t\t\t\t\t\t\t<p><strong>CDE<\/strong>: by car 20 km, 35 min | by S-Bahn S6 45 min<br \/><strong>Airport<\/strong>: by car 38 km, 40 min | by S-Bahn S1\/S8 45 min<\/p>\t\t\t\t\t\t\t\t<\/div>\n\t\t\t\t\t<\/div>\n\t\t\t\t<\/div>\n\t\t\t\t<\/div>\n\t\t\t\t\t<\/div>\n\t\t\t\t<\/div>\n\t\t<div class=\"elementor-element elementor-element-e4d63c0 elementor-hidden-desktop elementor-hidden-tablet e-flex e-con-boxed e-con e-parent\" data-id=\"e4d63c0\" data-element_type=\"container\" data-e-type=\"container\">\n\t\t\t\t\t<div class=\"e-con-inner\">\n\t\t<div class=\"elementor-element elementor-element-1894f5c e-con-full e-flex e-con e-child\" data-id=\"1894f5c\" data-element_type=\"container\" data-e-type=\"container\" data-settings=\"{&quot;background_background&quot;:&quot;classic&quot;}\">\n\t\t\t\t<\/div>\n\t\t<div class=\"elementor-element elementor-element-4edd876 e-con-full e-flex e-con e-child\" data-id=\"4edd876\" data-element_type=\"container\" data-e-type=\"container\">\n\t\t<div class=\"elementor-element elementor-element-cf33bb3 e-flex e-con-boxed e-con e-child\" data-id=\"cf33bb3\" data-element_type=\"container\" data-e-type=\"container\">\n\t\t\t\t\t<div class=\"e-con-inner\">\n\t\t\t\t<div class=\"elementor-element elementor-element-0ab8bd1 elementor-widget elementor-widget-heading\" data-id=\"0ab8bd1\" data-element_type=\"widget\" data-e-type=\"widget\" data-widget_type=\"heading.default\">\n\t\t\t\t\t<h2 class=\"elementor-heading-title elementor-size-default\"><a href=\"https:\/\/www.beyond-muc.de\/kontakt\">BEYOND by Geisel<\/a><\/h2>\t\t\t\t<\/div>\n\t\t\t\t<div class=\"elementor-element elementor-element-99cd28b elementor-widget elementor-widget-text-editor\" data-id=\"99cd28b\" data-element_type=\"widget\" data-e-type=\"widget\" data-widget_type=\"text-editor.default\">\n\t\t\t\t\t\t\t\t\t<p style=\"text-align: center;\"><span style=\"color: #ffd000;\">* * * * *<\/span><\/p>\t\t\t\t\t\t\t\t<\/div>\n\t\t<div class=\"elementor-element elementor-element-b904385 e-flex e-con-boxed e-con e-child\" data-id=\"b904385\" data-element_type=\"container\" data-e-type=\"container\">\n\t\t\t\t\t<div class=\"e-con-inner\">\n\t\t\t\t<div class=\"elementor-element elementor-element-3dda063 elementor-widget elementor-widget-text-editor\" data-id=\"3dda063\" data-element_type=\"widget\" data-e-type=\"widget\" data-widget_type=\"text-editor.default\">\n\t\t\t\t\t\t\t\t\t<p style=\"text-align: center;\">Marienplatz 22 80331 M\u00fcnchen<br \/>+49 89 700 746 700<br \/><a href=\"mailto:contact@beyond-muc.de\">contact@beyond-muc.de<\/a><\/p>\t\t\t\t\t\t\t\t<\/div>\n\t\t\t\t\t<\/div>\n\t\t\t\t<\/div>\n\t\t\t\t\t<\/div>\n\t\t\t\t<\/div>\n\t\t<div class=\"elementor-element elementor-element-4cf91d9 e-flex e-con-boxed e-con e-child\" data-id=\"4cf91d9\" data-element_type=\"container\" data-e-type=\"container\">\n\t\t\t\t\t<div class=\"e-con-inner\">\n\t\t\t\t<div class=\"elementor-element elementor-element-a5822da elementor-widget elementor-widget-text-editor\" data-id=\"a5822da\" data-element_type=\"widget\" data-e-type=\"widget\" data-widget_type=\"text-editor.default\">\n\t\t\t\t\t\t\t\t\t<p><strong>CDE<\/strong>: by car 20 km, 35 min | by S-Bahn S6 45 min<br \/><strong>Airport<\/strong>: by car 38 km, 40 min | by S-Bahn S1\/S8 45 min<\/p>\t\t\t\t\t\t\t\t<\/div>\n\t\t\t\t\t<\/div>\n\t\t\t\t<\/div>\n\t\t\t\t<\/div>\n\t\t\t\t\t<\/div>\n\t\t\t\t<\/div>\n\t\t<div class=\"elementor-element elementor-element-7324480 elementor-hidden-mobile e-flex e-con-boxed e-con e-parent\" data-id=\"7324480\" data-element_type=\"container\" data-e-type=\"container\">\n\t\t\t\t\t<div class=\"e-con-inner\">\n\t\t<div class=\"elementor-element elementor-element-d6f7558 e-con-full e-flex e-con e-child\" data-id=\"d6f7558\" data-element_type=\"container\" data-e-type=\"container\" data-settings=\"{&quot;background_background&quot;:&quot;classic&quot;}\">\n\t\t\t\t<\/div>\n\t\t<div class=\"elementor-element elementor-element-9f1bb47 e-con-full e-flex e-con e-child\" data-id=\"9f1bb47\" data-element_type=\"container\" data-e-type=\"container\">\n\t\t<div class=\"elementor-element elementor-element-5ebe3a2 e-flex e-con-boxed e-con e-child\" data-id=\"5ebe3a2\" data-element_type=\"container\" data-e-type=\"container\">\n\t\t\t\t\t<div class=\"e-con-inner\">\n\t\t\t\t<div class=\"elementor-element elementor-element-f7b14a6 elementor-widget elementor-widget-heading\" data-id=\"f7b14a6\" data-element_type=\"widget\" data-e-type=\"widget\" data-widget_type=\"heading.default\">\n\t\t\t\t\t<h2 class=\"elementor-heading-title elementor-size-default\"><a href=\"https:\/\/www.roccofortehotels.com\/hotels-and-resorts\/the-charles-hotel\/\">Charles Hotel<\/a><\/h2>\t\t\t\t<\/div>\n\t\t\t\t<div class=\"elementor-element elementor-element-96f6e87 elementor-widget elementor-widget-text-editor\" data-id=\"96f6e87\" data-element_type=\"widget\" data-e-type=\"widget\" data-widget_type=\"text-editor.default\">\n\t\t\t\t\t\t\t\t\t<p style=\"text-align: center;\"><span style=\"color: #ffd000;\">* * * * *<\/span><\/p>\t\t\t\t\t\t\t\t<\/div>\n\t\t<div class=\"elementor-element elementor-element-2309c28 e-flex e-con-boxed e-con e-child\" data-id=\"2309c28\" data-element_type=\"container\" data-e-type=\"container\">\n\t\t\t\t\t<div class=\"e-con-inner\">\n\t\t\t\t<div class=\"elementor-element elementor-element-520c17c elementor-widget elementor-widget-text-editor\" data-id=\"520c17c\" data-element_type=\"widget\" data-e-type=\"widget\" data-widget_type=\"text-editor.default\">\n\t\t\t\t\t\t\t\t\t<p style=\"text-align: center;\">Sophienstrasse 28\u00a080333 M\u00fcnchen<br \/>+49 89 544 5550<br \/><a href=\"mailto:info.charles@roccofortehotels.com\">info.charles@roccofortehotels.com<\/a><\/p>\t\t\t\t\t\t\t\t<\/div>\n\t\t\t\t\t<\/div>\n\t\t\t\t<\/div>\n\t\t\t\t\t<\/div>\n\t\t\t\t<\/div>\n\t\t<div class=\"elementor-element elementor-element-abec6fb e-flex e-con-boxed e-con e-child\" data-id=\"abec6fb\" data-element_type=\"container\" data-e-type=\"container\">\n\t\t\t\t\t<div class=\"e-con-inner\">\n\t\t\t\t<div class=\"elementor-element elementor-element-9edcc4c elementor-widget elementor-widget-text-editor\" data-id=\"9edcc4c\" data-element_type=\"widget\" data-e-type=\"widget\" data-widget_type=\"text-editor.default\">\n\t\t\t\t\t\t\t\t\t<p><strong>CDE<\/strong>: mit Auto 20 km,\u00a0 35 min | mit S-Bahn S6 50 min<br \/><strong>Airport<\/strong>: by car 40 km, 40 min | by S-Bahn S1\/S8 50 min<\/p>\t\t\t\t\t\t\t\t<\/div>\n\t\t\t\t\t<\/div>\n\t\t\t\t<\/div>\n\t\t\t\t<\/div>\n\t\t\t\t\t<\/div>\n\t\t\t\t<\/div>\n\t\t<div class=\"elementor-element elementor-element-90f1122 elementor-hidden-desktop elementor-hidden-tablet e-flex e-con-boxed e-con e-parent\" data-id=\"90f1122\" data-element_type=\"container\" data-e-type=\"container\">\n\t\t\t\t\t<div class=\"e-con-inner\">\n\t\t<div class=\"elementor-element elementor-element-a123826 e-con-full e-flex e-con e-child\" data-id=\"a123826\" data-element_type=\"container\" data-e-type=\"container\" data-settings=\"{&quot;background_background&quot;:&quot;classic&quot;}\">\n\t\t\t\t<\/div>\n\t\t<div class=\"elementor-element elementor-element-a337d32 e-con-full e-flex e-con e-child\" data-id=\"a337d32\" data-element_type=\"container\" data-e-type=\"container\">\n\t\t<div class=\"elementor-element elementor-element-722a34e e-flex e-con-boxed e-con e-child\" data-id=\"722a34e\" data-element_type=\"container\" data-e-type=\"container\">\n\t\t\t\t\t<div class=\"e-con-inner\">\n\t\t\t\t<div class=\"elementor-element elementor-element-5e53a31 elementor-widget elementor-widget-heading\" data-id=\"5e53a31\" data-element_type=\"widget\" data-e-type=\"widget\" data-widget_type=\"heading.default\">\n\t\t\t\t\t<h2 class=\"elementor-heading-title elementor-size-default\"><a href=\"https:\/\/www.roccofortehotels.com\/hotels-and-resorts\/the-charles-hotel\/\">Charles Hotel<\/a><\/h2>\t\t\t\t<\/div>\n\t\t\t\t<div class=\"elementor-element elementor-element-270fc81 elementor-widget elementor-widget-text-editor\" data-id=\"270fc81\" data-element_type=\"widget\" data-e-type=\"widget\" data-widget_type=\"text-editor.default\">\n\t\t\t\t\t\t\t\t\t<p style=\"text-align: center;\"><span style=\"color: #ffd000;\">* * * * *<\/span><\/p>\t\t\t\t\t\t\t\t<\/div>\n\t\t<div class=\"elementor-element elementor-element-19fca0c e-flex e-con-boxed e-con e-child\" data-id=\"19fca0c\" data-element_type=\"container\" data-e-type=\"container\">\n\t\t\t\t\t<div class=\"e-con-inner\">\n\t\t\t\t<div class=\"elementor-element elementor-element-bd23370 elementor-widget elementor-widget-text-editor\" data-id=\"bd23370\" data-element_type=\"widget\" data-e-type=\"widget\" data-widget_type=\"text-editor.default\">\n\t\t\t\t\t\t\t\t\t<p style=\"text-align: center;\">Sophienstrasse 28\u00a080333 M\u00fcnchen<br \/>+49 89 544 5550<br \/><a href=\"mailto:info.charles@roccofortehotels.com\">info.charles@roccofortehotels.com<\/a><\/p>\t\t\t\t\t\t\t\t<\/div>\n\t\t\t\t\t<\/div>\n\t\t\t\t<\/div>\n\t\t\t\t\t<\/div>\n\t\t\t\t<\/div>\n\t\t<div class=\"elementor-element elementor-element-3e64753 e-flex e-con-boxed e-con e-child\" data-id=\"3e64753\" data-element_type=\"container\" data-e-type=\"container\">\n\t\t\t\t\t<div class=\"e-con-inner\">\n\t\t\t\t<div class=\"elementor-element elementor-element-c8eb1a9 elementor-widget elementor-widget-text-editor\" data-id=\"c8eb1a9\" data-element_type=\"widget\" data-e-type=\"widget\" data-widget_type=\"text-editor.default\">\n\t\t\t\t\t\t\t\t\t<p><strong>CDE<\/strong>: mit Auto 20 km,\u00a0 35 min | mit S-Bahn S6 50 min<br \/><strong>Airport<\/strong>: by car 40 km, 40 min | by S-Bahn S1\/S8 50 min<\/p>\t\t\t\t\t\t\t\t<\/div>\n\t\t\t\t\t<\/div>\n\t\t\t\t<\/div>\n\t\t\t\t<\/div>\n\t\t\t\t\t<\/div>\n\t\t\t\t<\/div>\n\t\t<div class=\"elementor-element elementor-element-5a03128 elementor-hidden-mobile e-flex e-con-boxed e-con e-parent\" data-id=\"5a03128\" data-element_type=\"container\" data-e-type=\"container\">\n\t\t\t\t\t<div class=\"e-con-inner\">\n\t\t<div class=\"elementor-element elementor-element-cb0821c e-con-full e-flex e-con e-child\" data-id=\"cb0821c\" data-element_type=\"container\" data-e-type=\"container\" data-settings=\"{&quot;background_background&quot;:&quot;classic&quot;}\">\n\t\t\t\t<\/div>\n\t\t<div class=\"elementor-element elementor-element-2f4c077 e-con-full e-flex e-con e-child\" data-id=\"2f4c077\" data-element_type=\"container\" data-e-type=\"container\">\n\t\t<div class=\"elementor-element elementor-element-08248bd e-flex e-con-boxed e-con e-child\" data-id=\"08248bd\" data-element_type=\"container\" data-e-type=\"container\">\n\t\t\t\t\t<div class=\"e-con-inner\">\n\t\t\t\t<div class=\"elementor-element elementor-element-b5cfa92 elementor-widget elementor-widget-heading\" data-id=\"b5cfa92\" data-element_type=\"widget\" data-e-type=\"widget\" data-widget_type=\"heading.default\">\n\t\t\t\t\t<h2 class=\"elementor-heading-title elementor-size-default\"><a href=\"https:\/\/www.sepperlwirt.de\/starting-page.html\">SEPPELWIRT <br>Gasthof &amp; Landhotel<\/a><\/h2>\t\t\t\t<\/div>\n\t\t<div class=\"elementor-element elementor-element-a8c48e6 e-flex e-con-boxed e-con e-child\" data-id=\"a8c48e6\" data-element_type=\"container\" data-e-type=\"container\">\n\t\t\t\t\t<div class=\"e-con-inner\">\n\t\t\t\t<div class=\"elementor-element elementor-element-152eb72 elementor-widget elementor-widget-text-editor\" data-id=\"152eb72\" data-element_type=\"widget\" data-e-type=\"widget\" data-widget_type=\"text-editor.default\">\n\t\t\t\t\t\t\t\t\t<p style=\"text-align: center;\">Dorfstra\u00dfe 35\u00a082229 Meiling\/Seefeld<br \/>+49 (0) 8153 3406<br \/><a href=\"mailto:sepperlwirt@sepperlwirt.de\">sepperlwirt@sepperlwirt.de<\/a><\/p>\t\t\t\t\t\t\t\t<\/div>\n\t\t\t\t\t<\/div>\n\t\t\t\t<\/div>\n\t\t\t\t\t<\/div>\n\t\t\t\t<\/div>\n\t\t<div class=\"elementor-element elementor-element-71ef4d9 e-flex e-con-boxed e-con e-child\" data-id=\"71ef4d9\" data-element_type=\"container\" data-e-type=\"container\">\n\t\t\t\t\t<div class=\"e-con-inner\">\n\t\t\t\t<div class=\"elementor-element elementor-element-373a68a elementor-widget elementor-widget-text-editor\" data-id=\"373a68a\" data-element_type=\"widget\" data-e-type=\"widget\" data-widget_type=\"text-editor.default\">\n\t\t\t\t\t\t\t\t\t<hr \/><p><strong>CDE<\/strong>: by car 20 km, 25 min | by bus 1 h<br \/><strong>Airport<\/strong>: by car 66 km, 1 h | by bus and suburban train 1 h 30 min<\/p>\t\t\t\t\t\t\t\t<\/div>\n\t\t\t\t\t<\/div>\n\t\t\t\t<\/div>\n\t\t\t\t<\/div>\n\t\t\t\t\t<\/div>\n\t\t\t\t<\/div>\n\t\t<div class=\"elementor-element elementor-element-1c778a4 elementor-hidden-desktop elementor-hidden-tablet e-flex e-con-boxed e-con e-parent\" data-id=\"1c778a4\" data-element_type=\"container\" data-e-type=\"container\">\n\t\t\t\t\t<div class=\"e-con-inner\">\n\t\t<div class=\"elementor-element elementor-element-6f30858 e-con-full e-flex e-con e-child\" data-id=\"6f30858\" data-element_type=\"container\" data-e-type=\"container\" data-settings=\"{&quot;background_background&quot;:&quot;classic&quot;}\">\n\t\t\t\t<\/div>\n\t\t<div class=\"elementor-element elementor-element-30559c8 e-con-full e-flex e-con e-child\" data-id=\"30559c8\" data-element_type=\"container\" data-e-type=\"container\">\n\t\t<div class=\"elementor-element elementor-element-84bb79b e-flex e-con-boxed e-con e-child\" data-id=\"84bb79b\" data-element_type=\"container\" data-e-type=\"container\">\n\t\t\t\t\t<div class=\"e-con-inner\">\n\t\t\t\t<div class=\"elementor-element elementor-element-9a07ec5 elementor-widget elementor-widget-heading\" data-id=\"9a07ec5\" data-element_type=\"widget\" data-e-type=\"widget\" data-widget_type=\"heading.default\">\n\t\t\t\t\t<h2 class=\"elementor-heading-title elementor-size-default\"><a href=\"https:\/\/www.sepperlwirt.de\/starting-page.html\">SEPPELWIRT <br>Gasthof &amp; Landhotel<\/a><\/h2>\t\t\t\t<\/div>\n\t\t<div class=\"elementor-element elementor-element-de7f5f8 e-flex e-con-boxed e-con e-child\" data-id=\"de7f5f8\" data-element_type=\"container\" data-e-type=\"container\">\n\t\t\t\t\t<div class=\"e-con-inner\">\n\t\t\t\t<div class=\"elementor-element elementor-element-b36c59e elementor-widget elementor-widget-text-editor\" data-id=\"b36c59e\" data-element_type=\"widget\" data-e-type=\"widget\" data-widget_type=\"text-editor.default\">\n\t\t\t\t\t\t\t\t\t<p style=\"text-align: center;\">Dorfstra\u00dfe 35\u00a082229 Meiling\/Seefeld<br \/>+49 (0) 8153 3406<br \/><a href=\"mailto:sepperlwirt@sepperlwirt.de\">sepperlwirt@sepperlwirt.de<\/a><\/p>\t\t\t\t\t\t\t\t<\/div>\n\t\t\t\t\t<\/div>\n\t\t\t\t<\/div>\n\t\t\t\t\t<\/div>\n\t\t\t\t<\/div>\n\t\t<div class=\"elementor-element elementor-element-5e6d446 e-flex e-con-boxed e-con e-child\" data-id=\"5e6d446\" data-element_type=\"container\" data-e-type=\"container\">\n\t\t\t\t\t<div class=\"e-con-inner\">\n\t\t\t\t<div class=\"elementor-element elementor-element-913ab8f elementor-widget elementor-widget-text-editor\" data-id=\"913ab8f\" data-element_type=\"widget\" data-e-type=\"widget\" data-widget_type=\"text-editor.default\">\n\t\t\t\t\t\t\t\t\t<hr \/><p><strong>CDE<\/strong>: by car 20 km, 25 min | by bus 1 h<br \/><strong>Airport<\/strong>: by car 66 km, 1 h | by bus and suburban train 1 h 30 min<\/p>\t\t\t\t\t\t\t\t<\/div>\n\t\t\t\t\t<\/div>\n\t\t\t\t<\/div>\n\t\t\t\t<\/div>\n\t\t\t\t\t<\/div>\n\t\t\t\t<\/div>\n\t\t\t\t<\/div>","protected":false},"excerpt":{"rendered":"<p>\u00dcbernachtung Hotel Vier Jahreszeiten Starnberg * * * * M\u00fcnchner Stra\u00dfe 17, 82319 Starnberg bei M\u00fcnchen+49 (0) 8151 \/ 4470-0info@vier-jahreszeiten-starnberg.de CDE: mit Auto 10 km, 15 min | mit S-Bahn S6 30 minFlughafen: mit Auto 62 km, 45 min | mit S-Bahn S1&gt;S6 1 std 25 min Hotel Vier Jahreszeiten Starnberg * * * * [&hellip;]<\/p>\n","protected":false},"author":1,"featured_media":0,"parent":0,"menu_order":0,"comment_status":"closed","ping_status":"closed","template":"","meta":{"footnotes":""},"class_list":["post-90","page","type-page","status-publish","hentry"],"_links":{"self":[{"href":"https:\/\/www.cde-info.com\/en\/wp-json\/wp\/v2\/pages\/90","targetHints":{"allow":["GET"]}}],"collection":[{"href":"https:\/\/www.cde-info.com\/en\/wp-json\/wp\/v2\/pages"}],"about":[{"href":"https:\/\/www.cde-info.com\/en\/wp-json\/wp\/v2\/types\/page"}],"author":[{"embeddable":true,"href":"https:\/\/www.cde-info.com\/en\/wp-json\/wp\/v2\/users\/1"}],"replies":[{"embeddable":true,"href":"https:\/\/www.cde-info.com\/en\/wp-json\/wp\/v2\/comments?post=90"}],"version-history":[{"count":58,"href":"https:\/\/www.cde-info.com\/en\/wp-json\/wp\/v2\/pages\/90\/revisions"}],"predecessor-version":[{"id":2391,"href":"https:\/\/www.cde-info.com\/en\/wp-json\/wp\/v2\/pages\/90\/revisions\/2391"}],"wp:attachment":[{"href":"https:\/\/www.cde-info.com\/en\/wp-json\/wp\/v2\/media?parent=90"}],"curies":[{"name":"wp","href":"https:\/\/api.w.org\/{rel}","templated":true}]}}