{"id":94,"date":"2024-05-03T10:19:52","date_gmt":"2024-05-03T08:19:52","guid":{"rendered":"https:\/\/www.cde-info.com\/?page_id=94"},"modified":"2024-06-06T16:15:09","modified_gmt":"2024-06-06T14:15:09","slug":"unsere-agb","status":"publish","type":"page","link":"https:\/\/www.cde-info.com\/en\/unsere-agb\/","title":{"rendered":"Our T&amp;C"},"content":{"rendered":"<div data-elementor-type=\"wp-page\" data-elementor-id=\"94\" class=\"elementor elementor-94\" data-elementor-post-type=\"page\">\n\t\t\t\t<div class=\"elementor-element elementor-element-0690835 e-flex e-con-boxed e-con e-parent\" data-id=\"0690835\" data-element_type=\"container\">\n\t\t\t\t\t<div class=\"e-con-inner\">\n\t\t\t\t<div class=\"elementor-element elementor-element-8b4b211 elementor-widget elementor-widget-text-editor\" data-id=\"8b4b211\" data-element_type=\"widget\" data-widget_type=\"text-editor.default\">\n\t\t\t\t<div class=\"elementor-widget-container\">\n\t\t\t\t\t\t\t\t\t<p>\u00a0<\/p><div class=\"container single-page-container\"><div class=\"row\"><div class=\"nv-single-page-wrap col\"><div class=\"nv-page-title-wrap nv-big-title\"><div class=\"nv-page-title\"><h3>Our T&amp;C<\/h3><\/div><\/div><div class=\"nv-content-wrap entry-content\"><div id=\"pl-gb2565-66349e7fc4d2d\" class=\"panel-layout\"><div id=\"pg-gb2565-66349e7fc4d2d-0\" class=\"panel-grid panel-no-style\" data-style=\"{&quot;background_image_attachment&quot;:false,&quot;background_display&quot;:&quot;tile&quot;,&quot;full_height&quot;:&quot;&quot;,&quot;cell_alignment&quot;:&quot;flex-start&quot;}\" data-ratio=\"1\" data-ratio-direction=\"right\"><div id=\"pgc-gb2565-66349e7fc4d2d-0-0\" class=\"panel-grid-cell\" data-weight=\"1\"><div id=\"panel-gb2565-66349e7fc4d2d-0-0-0\" class=\"so-panel widget widget_sow-editor panel-first-child panel-last-child\" data-index=\"0\" data-style=\"{&quot;background_image_attachment&quot;:false,&quot;background_display&quot;:&quot;tile&quot;}\"><div class=\"so-widget-sow-editor so-widget-sow-editor-base\"><div class=\"siteorigin-widget-tinymce textwidget\"><h3>Allgemeine Gesch\u00e4ftsbedingungen<\/h3><ul><li><strong><u> 1 Vertragsvereinbarung<\/u><\/strong><\/li><\/ul><p><u>\u00a0<\/u><\/p><ol><li><u>Diese allgemeinen Gesch\u00e4ftsbedingungen sind Inhalt der mit der CDE GmbH und dem Mieter abgeschlossenen Vereinbarungen. Ein Vertrag kommt zwischen der CDE GmbH und dem Mieter erst dann zustande, wenn beide Parteien den Vertrag unterschrieben haben.<\/u><\/li><li><u>Diese Gesch\u00e4ftsbedingungen gelten f\u00fcr s\u00e4mtliche Leistungen der CDE GmbH, insbesondere f\u00fcr die \u00dcberlassung von R\u00e4umlichkeiten und sonstigen Dienstleistungen. Die Unter- oder Weitervermietung der \u00fcberlassenen Fl\u00e4chen oder R\u00e4ume bzw. die Gebrauchs\u00fcberlassung an Dritte sowie Verkaufs- oder \u00e4hnlichen Veranstaltungen bed\u00fcrfen der vorherigen schriftlichen Zustimmung der CDE GmbH. <\/u><\/li><li><u>Die R\u00e4ume stehen dem Mieter am Veranstaltungstag von 08:00 bis 18:00 Uhr zur Verf\u00fcgung. Ein Anspruch auf fr\u00fchere oder sp\u00e4tere Bereitstellung kann schriftlich vereinbart <\/u><u>und von der Zahlung einer zus\u00e4tzlichen Verg\u00fctung abh\u00e4ngig gemacht werden.<\/u><\/li><li><u>Bei Veranstaltungen, die \u00fcber den vertraglich vereinbarten Zeitraum, andernfalls \u00fcber 22:00 Uhr, hinausgehen, kann die CDE GmbH zus\u00e4tzliche Aufwendungen, insbesondere f\u00fcr Nachfolgeveranstaltungen und Personal berechnen. <\/u><\/li><li><u>Die Preise bestimmen sich nach der im Zeitpunkt der Leistungserbringung g\u00fcltigen Preisliste. Sind in der Auftragsbest\u00e4tigung feste Preise genannt und liegen zwischen Vertragsabschluss und Leistungserbringung mehr als vier Monate, ist die CDE GmbH berechtigt, Preis\u00e4nderungen vorzunehmen.<\/u><\/li><\/ol><ul><li><strong> 2 Vertragsgegenstand<\/strong><\/li><\/ul><p><strong>\u00a0<\/strong><\/p><p>Der Vertrag umfasst die angemieteten R\u00e4umlichkeiten des Fortbildungsinstituts, die technische Ausstattung und das Catering. Er wird zwischen der CDE GmbH und dem im Vertrag benannten Unternehmen geschlossen.<\/p><ul><li><strong> 3 Rechnungserstellung<\/strong><\/li><\/ul><p><strong>\u00a0<\/strong><\/p><ol><li><u>Der Kunde ist verpflichtet, 14 Tage vor Beginn der Veranstaltung eine Vorauszahlung in H\u00f6he von 50 % der Miete zuz\u00fcglich Mehrwertsteuer zu bezahlen.<\/u><\/li><li><u>Wenn er den Gesamtbetrag bis 14 Tage vor Veranstaltung bezahlt, gew\u00e4hren wir 3% Preisnachlass auf die Raummiete. <\/u><\/li><li><u>Alle weiteren Kosten der vertraglich festgelegten Konditionen werden dem Mieter nach Ablauf der Veranstaltung in Rechnung gestellt.<\/u> Der Betrag ist in voller H\u00f6he innerhalb von <u>zehn<\/u> Tagen auf das Konto der CDE GmbH zu begleichen. Bei Bankeinzug gew\u00e4hren wir ein Skonto von 2%.<\/li><li><u>Kommt der Mieter in Zahlungsverzug, ist die CDE GmbH berechtigt, Verzugszinsen in H\u00f6he von 5 % p. a. \u00fcber dem jeweiligen Basiszinssatz zu fordern.<\/u><\/li><\/ol><ul><li><strong> 4 Vertragsk\u00fcndigung<\/strong><\/li><\/ul><ol><li><u>Bei K\u00fcndigung des Vertrags seitens des Mieters werden folgende Kosten in Rechnung <\/u><u>gestellt:<\/u><\/li><\/ol><ul><li><u>Innerhalb von 10 bis 5 Werktagen vor Kursbeginn: 50% des Mietpreises, keine <\/u><u>Kosten f\u00fcr Catering<\/u><\/li><li><u>Innerhalb von 5 bis 2 Werktagen vor Kursbeginn: 80% des Mietpreises, keine<\/u><u> Kosten f\u00fcr Catering<\/u><\/li><li><u>Innerhalb 2 Werktagen vor Kursbeginn: 100% der Miet- und Cateringkosten<\/u><\/li><\/ul><ol start=\"2\"><li>Falls eine Veranstaltung nicht durchgef\u00fchrt werden kann, wird sich die CDE GmbH bem\u00fchen die R\u00e4umlichkeiten anderweitig zu vermieten. In diesem Fall entfallen die Stornokosten. Es wird eine Bearbeitungsgeb\u00fchr von 100.-\u20ac in Rechnung gestellt.<\/li><\/ol><ul><li><strong> 5 Haftung<\/strong><\/li><\/ul><ol><li>Die CDE GmbH stellt die technische Infrastruktur in einwandfreiem Zustand zur Verf\u00fcgung. Alle Sch\u00e4den, die durch unsachgem\u00e4\u00dfe Benutzung seitens des Mieters entstehen sind von diesem zu tragen und werden auf Kosten des Mieters wieder hergestellt.<\/li><li><u> Der Mieter wird f\u00fcr alle angemieteten oder weitervermieteten Ger\u00e4te der CDE GmbH, bei denen Sch\u00e4den auf unsachgem\u00e4\u00dfe Verwendung zur\u00fcckzuf\u00fchren sind, haftbar gemacht. <\/u><\/li><li><u> Die Anbringung von Dekorationsmaterialien oder \u00c4hnlichem sowie die Nutzung von Fl\u00e4chen im CDE au\u00dferhalb der angemieteten R\u00e4ume, z. B. zu Ausstellungszwecken, bed\u00fcrfen der schriftlichen Einwilligung der CDE GmbH. Hierf\u00fcr k\u00f6nnen dem Kunden extra Kosten in Rechnung gestellt werden. Diese und sonstige vom Mieter eingebrachten Gegenst\u00e4nde m\u00fcssen den \u00f6rtlichen feuerpolizeilichen und sonstigen Vorschriften entsprechen.<\/u><\/li><\/ol><ul><li><strong> 5 Reservierung<\/strong><\/li><\/ul><p><u>Die Einmietungsanfrage muss schriftlich per Fax, Brief oder e-Mail an die CDE GmbH gerichtet werden. Nach Eingang der Anfrage erh\u00e4lt der Mieter ein Angebot, womit<\/u> der Reservierungstermin ab dem Tag der Zusendung zwei Wochen aufrecht erhalten wird. Danach entf\u00e4llt die Reservierung.<\/p><ul><li><strong> 6 Buchung<\/strong><\/li><\/ul><p><strong>\u00a0<\/strong><\/p><p>Nach Eingang der schriftlichen Best\u00e4tigung erh\u00e4lt der Mieter einen Vertrag in dem alle Details des Mietverh\u00e4ltnisses geregelt sind. Diese umfassen die Anforderungen an die technische Infrastruktur, das Catering, das eingesetzte Personal und die technische Betreuung.<\/p><h3>Sonstiges<\/h3><ol><li><u>Abweichende Vereinbarungen oder Nebenabreden bed\u00fcrfen zu ihrer Wirksamkeit der Schriftform.<\/u><\/li><li><u>Sollten einzelne Bestimmungen des Vertrages \u2013 einschlie\u00dflich dieser Gesch\u00e4ftsbedingungen \u2013 unwirksam sein, ber\u00fchrt dies die Wirksamkeit der \u00fcbrigen Bestimmungen nicht. Die Parteien werden die unwirksamen Bestimmungen unverz\u00fcglich durch solche wirksam ersetzen, die den unwirksamen in ihrem wirtschaftlichen Zweck m\u00f6glichst nahe kommen. <\/u><\/li><\/ol><\/div><\/div><\/div><\/div><\/div><\/div><\/div><\/div><\/div><\/div><p>\u00a0<\/p>\t\t\t\t\t\t\t\t<\/div>\n\t\t\t\t<\/div>\n\t\t\t\t\t<\/div>\n\t\t\t\t<\/div>\n\t\t\t\t<\/div>","protected":false},"excerpt":{"rendered":"<p>\u00a0 Unsere AGB Allgemeine Gesch\u00e4ftsbedingungen 1 Vertragsvereinbarung \u00a0 Diese allgemeinen Gesch\u00e4ftsbedingungen sind Inhalt der mit der CDE GmbH und dem Mieter abgeschlossenen Vereinbarungen. Ein Vertrag kommt zwischen der CDE GmbH und dem Mieter erst dann zustande, wenn beide Parteien den Vertrag unterschrieben haben. Diese Gesch\u00e4ftsbedingungen gelten f\u00fcr s\u00e4mtliche Leistungen der CDE GmbH, insbesondere f\u00fcr die [&hellip;]<\/p>","protected":false},"author":1,"featured_media":0,"parent":0,"menu_order":0,"comment_status":"closed","ping_status":"closed","template":"","meta":{"footnotes":""},"class_list":["post-94","page","type-page","status-publish","hentry"],"_links":{"self":[{"href":"https:\/\/www.cde-info.com\/en\/wp-json\/wp\/v2\/pages\/94","targetHints":{"allow":["GET"]}}],"collection":[{"href":"https:\/\/www.cde-info.com\/en\/wp-json\/wp\/v2\/pages"}],"about":[{"href":"https:\/\/www.cde-info.com\/en\/wp-json\/wp\/v2\/types\/page"}],"author":[{"embeddable":true,"href":"https:\/\/www.cde-info.com\/en\/wp-json\/wp\/v2\/users\/1"}],"replies":[{"embeddable":true,"href":"https:\/\/www.cde-info.com\/en\/wp-json\/wp\/v2\/comments?post=94"}],"version-history":[{"count":19,"href":"https:\/\/www.cde-info.com\/en\/wp-json\/wp\/v2\/pages\/94\/revisions"}],"predecessor-version":[{"id":1965,"href":"https:\/\/www.cde-info.com\/en\/wp-json\/wp\/v2\/pages\/94\/revisions\/1965"}],"wp:attachment":[{"href":"https:\/\/www.cde-info.com\/en\/wp-json\/wp\/v2\/media?parent=94"}],"curies":[{"name":"wp","href":"https:\/\/api.w.org\/{rel}","templated":true}]}}